{"id":11384,"date":"2025-06-30T12:07:00","date_gmt":"2025-06-30T10:07:00","guid":{"rendered":"https:\/\/pomoc.certum.pl\/pl\/?page_id=11384"},"modified":"2025-06-30T12:16:38","modified_gmt":"2025-06-30T10:16:38","slug":"deklaracja-dostepnosci","status":"publish","type":"page","link":"https:\/\/pomoc.certum.pl\/pl\/deklaracja-dostepnosci\/","title":{"rendered":"Deklaracja dost\u0119pno\u015bci"},"content":{"rendered":"","protected":false},"excerpt":{"rendered":"","protected":false},"author":1,"featured_media":0,"parent":0,"menu_order":0,"comment_status":"closed","ping_status":"closed","template":"page-tpl-sections.php","meta":{"_acf_changed":false,"footnotes":""},"class_list":["post-11384","page","type-page","status-publish","hentry"],"acf":[],"yoast_head":"<!-- This site is optimized with the Yoast SEO plugin v24.8 - https:\/\/yoast.com\/wordpress\/plugins\/seo\/ -->\n<title>Deklaracja dost\u0119pno\u015bci - CERTUM \u00bb Wsparcie techniczne<\/title>\n<meta name=\"robots\" content=\"index, follow, max-snippet:-1, max-image-preview:large, max-video-preview:-1\" \/>\n<link rel=\"canonical\" href=\"https:\/\/pomoc.certum.pl\/pl\/deklaracja-dostepnosci\/\" \/>\n<meta property=\"og:locale\" content=\"en_US\" \/>\n<meta property=\"og:type\" content=\"article\" \/>\n<meta property=\"og:title\" content=\"Deklaracja dost\u0119pno\u015bci - CERTUM \u00bb Wsparcie techniczne\" \/>\n<meta property=\"og:url\" content=\"https:\/\/pomoc.certum.pl\/pl\/deklaracja-dostepnosci\/\" \/>\n<meta property=\"og:site_name\" content=\"CERTUM \u00bb Wsparcie techniczne\" \/>\n<meta property=\"article:modified_time\" content=\"2025-06-30T10:16:38+00:00\" \/>\n<meta name=\"twitter:card\" content=\"summary_large_image\" \/>\n<script type=\"application\/ld+json\" class=\"yoast-schema-graph\">{\"@context\":\"https:\/\/schema.org\",\"@graph\":[{\"@type\":\"WebPage\",\"@id\":\"https:\/\/pomoc.certum.pl\/pl\/deklaracja-dostepnosci\/\",\"url\":\"https:\/\/pomoc.certum.pl\/pl\/deklaracja-dostepnosci\/\",\"name\":\"Deklaracja dost\u0119pno\u015bci - CERTUM \u00bb Wsparcie techniczne\",\"isPartOf\":{\"@id\":\"https:\/\/pomoc.certum.pl\/pl\/#website\"},\"datePublished\":\"2025-06-30T10:07:00+00:00\",\"dateModified\":\"2025-06-30T10:16:38+00:00\",\"breadcrumb\":{\"@id\":\"https:\/\/pomoc.certum.pl\/pl\/deklaracja-dostepnosci\/#breadcrumb\"},\"inLanguage\":\"en-US\",\"potentialAction\":[{\"@type\":\"ReadAction\",\"target\":[\"https:\/\/pomoc.certum.pl\/pl\/deklaracja-dostepnosci\/\"]}]},{\"@type\":\"BreadcrumbList\",\"@id\":\"https:\/\/pomoc.certum.pl\/pl\/deklaracja-dostepnosci\/#breadcrumb\",\"itemListElement\":[{\"@type\":\"ListItem\",\"position\":1,\"name\":\"Home\",\"item\":\"https:\/\/pomoc.certum.pl\/pl\/\"},{\"@type\":\"ListItem\",\"position\":2,\"name\":\"Deklaracja dost\u0119pno\u015bci\"}]},{\"@type\":\"WebSite\",\"@id\":\"https:\/\/pomoc.certum.pl\/pl\/#website\",\"url\":\"https:\/\/pomoc.certum.pl\/pl\/\",\"name\":\"CERTUM \u00bb Wsparcie techniczne\",\"description\":\"Powszechne Centrum Certyfikacji. Podpis elektroniczny dla p\u0142atnik\u00f3w sk\u0142adek ZUS. Certyfikaty kwalifikowane, zaufane certyfikaty niekwalifikowane. Rozwi\u0105zania z zastosowaniem e-podpisu.\",\"potentialAction\":[{\"@type\":\"SearchAction\",\"target\":{\"@type\":\"EntryPoint\",\"urlTemplate\":\"https:\/\/pomoc.certum.pl\/pl\/?s={search_term_string}\"},\"query-input\":{\"@type\":\"PropertyValueSpecification\",\"valueRequired\":true,\"valueName\":\"search_term_string\"}}],\"inLanguage\":\"en-US\"}]}<\/script>\n<!-- \/ Yoast SEO plugin. -->","yoast_head_json":{"title":"Deklaracja dost\u0119pno\u015bci - CERTUM \u00bb Wsparcie techniczne","robots":{"index":"index","follow":"follow","max-snippet":"max-snippet:-1","max-image-preview":"max-image-preview:large","max-video-preview":"max-video-preview:-1"},"canonical":"https:\/\/pomoc.certum.pl\/pl\/deklaracja-dostepnosci\/","og_locale":"en_US","og_type":"article","og_title":"Deklaracja dost\u0119pno\u015bci - CERTUM \u00bb Wsparcie techniczne","og_url":"https:\/\/pomoc.certum.pl\/pl\/deklaracja-dostepnosci\/","og_site_name":"CERTUM \u00bb Wsparcie techniczne","article_modified_time":"2025-06-30T10:16:38+00:00","twitter_card":"summary_large_image","schema":{"@context":"https:\/\/schema.org","@graph":[{"@type":"WebPage","@id":"https:\/\/pomoc.certum.pl\/pl\/deklaracja-dostepnosci\/","url":"https:\/\/pomoc.certum.pl\/pl\/deklaracja-dostepnosci\/","name":"Deklaracja dost\u0119pno\u015bci - CERTUM \u00bb Wsparcie techniczne","isPartOf":{"@id":"https:\/\/pomoc.certum.pl\/pl\/#website"},"datePublished":"2025-06-30T10:07:00+00:00","dateModified":"2025-06-30T10:16:38+00:00","breadcrumb":{"@id":"https:\/\/pomoc.certum.pl\/pl\/deklaracja-dostepnosci\/#breadcrumb"},"inLanguage":"en-US","potentialAction":[{"@type":"ReadAction","target":["https:\/\/pomoc.certum.pl\/pl\/deklaracja-dostepnosci\/"]}]},{"@type":"BreadcrumbList","@id":"https:\/\/pomoc.certum.pl\/pl\/deklaracja-dostepnosci\/#breadcrumb","itemListElement":[{"@type":"ListItem","position":1,"name":"Home","item":"https:\/\/pomoc.certum.pl\/pl\/"},{"@type":"ListItem","position":2,"name":"Deklaracja dost\u0119pno\u015bci"}]},{"@type":"WebSite","@id":"https:\/\/pomoc.certum.pl\/pl\/#website","url":"https:\/\/pomoc.certum.pl\/pl\/","name":"CERTUM \u00bb Wsparcie techniczne","description":"Powszechne Centrum Certyfikacji. Podpis elektroniczny dla p\u0142atnik\u00f3w sk\u0142adek ZUS. Certyfikaty kwalifikowane, zaufane certyfikaty niekwalifikowane. Rozwi\u0105zania z zastosowaniem e-podpisu.","potentialAction":[{"@type":"SearchAction","target":{"@type":"EntryPoint","urlTemplate":"https:\/\/pomoc.certum.pl\/pl\/?s={search_term_string}"},"query-input":{"@type":"PropertyValueSpecification","valueRequired":true,"valueName":"search_term_string"}}],"inLanguage":"en-US"}]}},"_links":{"self":[{"href":"https:\/\/pomoc.certum.pl\/pl\/wp-json\/wp\/v2\/pages\/11384"}],"collection":[{"href":"https:\/\/pomoc.certum.pl\/pl\/wp-json\/wp\/v2\/pages"}],"about":[{"href":"https:\/\/pomoc.certum.pl\/pl\/wp-json\/wp\/v2\/types\/page"}],"author":[{"embeddable":true,"href":"https:\/\/pomoc.certum.pl\/pl\/wp-json\/wp\/v2\/users\/1"}],"replies":[{"embeddable":true,"href":"https:\/\/pomoc.certum.pl\/pl\/wp-json\/wp\/v2\/comments?post=11384"}],"version-history":[{"count":3,"href":"https:\/\/pomoc.certum.pl\/pl\/wp-json\/wp\/v2\/pages\/11384\/revisions"}],"predecessor-version":[{"id":11388,"href":"https:\/\/pomoc.certum.pl\/pl\/wp-json\/wp\/v2\/pages\/11384\/revisions\/11388"}],"wp:attachment":[{"href":"https:\/\/pomoc.certum.pl\/pl\/wp-json\/wp\/v2\/media?parent=11384"}],"curies":[{"name":"wp","href":"https:\/\/api.w.org\/{rel}","templated":true}]}}