{"id":10650,"date":"2024-06-19T20:54:28","date_gmt":"2024-06-19T18:54:28","guid":{"rendered":"https:\/\/pomoc.certum.pl\/pl\/?page_id=10650"},"modified":"2024-06-19T21:17:11","modified_gmt":"2024-06-19T19:17:11","slug":"zarzadzanie-domenami","status":"publish","type":"page","link":"https:\/\/pomoc.certum.pl\/pl\/zarzadzanie-domenami\/","title":{"rendered":"Zarz\u0105dzanie domenami"},"content":{"rendered":"","protected":false},"excerpt":{"rendered":"","protected":false},"author":1,"featured_media":0,"parent":0,"menu_order":0,"comment_status":"closed","ping_status":"closed","template":"page-tpl-sections.php","meta":{"_acf_changed":false,"footnotes":""},"class_list":["post-10650","page","type-page","status-publish","hentry"],"acf":[],"yoast_head":"<!-- This site is optimized with the Yoast SEO plugin v24.8 - https:\/\/yoast.com\/wordpress\/plugins\/seo\/ -->\n<title>Zarz\u0105dzanie domenami - CERTUM \u00bb Wsparcie techniczne<\/title>\n<meta name=\"robots\" content=\"index, follow, max-snippet:-1, max-image-preview:large, max-video-preview:-1\" \/>\n<link rel=\"canonical\" href=\"https:\/\/pomoc.certum.pl\/pl\/zarzadzanie-domenami\/\" \/>\n<meta property=\"og:locale\" content=\"en_US\" \/>\n<meta property=\"og:type\" content=\"article\" \/>\n<meta property=\"og:title\" content=\"Zarz\u0105dzanie domenami - CERTUM \u00bb Wsparcie techniczne\" \/>\n<meta property=\"og:url\" content=\"https:\/\/pomoc.certum.pl\/pl\/zarzadzanie-domenami\/\" \/>\n<meta property=\"og:site_name\" content=\"CERTUM \u00bb Wsparcie techniczne\" \/>\n<meta property=\"article:modified_time\" content=\"2024-06-19T19:17:11+00:00\" \/>\n<meta name=\"twitter:card\" content=\"summary_large_image\" \/>\n<script type=\"application\/ld+json\" class=\"yoast-schema-graph\">{\"@context\":\"https:\/\/schema.org\",\"@graph\":[{\"@type\":\"WebPage\",\"@id\":\"https:\/\/pomoc.certum.pl\/pl\/zarzadzanie-domenami\/\",\"url\":\"https:\/\/pomoc.certum.pl\/pl\/zarzadzanie-domenami\/\",\"name\":\"Zarz\u0105dzanie domenami - CERTUM \u00bb Wsparcie techniczne\",\"isPartOf\":{\"@id\":\"https:\/\/pomoc.certum.pl\/pl\/#website\"},\"datePublished\":\"2024-06-19T18:54:28+00:00\",\"dateModified\":\"2024-06-19T19:17:11+00:00\",\"breadcrumb\":{\"@id\":\"https:\/\/pomoc.certum.pl\/pl\/zarzadzanie-domenami\/#breadcrumb\"},\"inLanguage\":\"en-US\",\"potentialAction\":[{\"@type\":\"ReadAction\",\"target\":[\"https:\/\/pomoc.certum.pl\/pl\/zarzadzanie-domenami\/\"]}]},{\"@type\":\"BreadcrumbList\",\"@id\":\"https:\/\/pomoc.certum.pl\/pl\/zarzadzanie-domenami\/#breadcrumb\",\"itemListElement\":[{\"@type\":\"ListItem\",\"position\":1,\"name\":\"Home\",\"item\":\"https:\/\/pomoc.certum.pl\/pl\/\"},{\"@type\":\"ListItem\",\"position\":2,\"name\":\"Zarz\u0105dzanie domenami\"}]},{\"@type\":\"WebSite\",\"@id\":\"https:\/\/pomoc.certum.pl\/pl\/#website\",\"url\":\"https:\/\/pomoc.certum.pl\/pl\/\",\"name\":\"CERTUM \u00bb Wsparcie techniczne\",\"description\":\"Powszechne Centrum Certyfikacji. Podpis elektroniczny dla p\u0142atnik\u00f3w sk\u0142adek ZUS. Certyfikaty kwalifikowane, zaufane certyfikaty niekwalifikowane. Rozwi\u0105zania z zastosowaniem e-podpisu.\",\"potentialAction\":[{\"@type\":\"SearchAction\",\"target\":{\"@type\":\"EntryPoint\",\"urlTemplate\":\"https:\/\/pomoc.certum.pl\/pl\/?s={search_term_string}\"},\"query-input\":{\"@type\":\"PropertyValueSpecification\",\"valueRequired\":true,\"valueName\":\"search_term_string\"}}],\"inLanguage\":\"en-US\"}]}<\/script>\n<!-- \/ Yoast SEO plugin. -->","yoast_head_json":{"title":"Zarz\u0105dzanie domenami - CERTUM \u00bb Wsparcie techniczne","robots":{"index":"index","follow":"follow","max-snippet":"max-snippet:-1","max-image-preview":"max-image-preview:large","max-video-preview":"max-video-preview:-1"},"canonical":"https:\/\/pomoc.certum.pl\/pl\/zarzadzanie-domenami\/","og_locale":"en_US","og_type":"article","og_title":"Zarz\u0105dzanie domenami - CERTUM \u00bb Wsparcie techniczne","og_url":"https:\/\/pomoc.certum.pl\/pl\/zarzadzanie-domenami\/","og_site_name":"CERTUM \u00bb Wsparcie techniczne","article_modified_time":"2024-06-19T19:17:11+00:00","twitter_card":"summary_large_image","schema":{"@context":"https:\/\/schema.org","@graph":[{"@type":"WebPage","@id":"https:\/\/pomoc.certum.pl\/pl\/zarzadzanie-domenami\/","url":"https:\/\/pomoc.certum.pl\/pl\/zarzadzanie-domenami\/","name":"Zarz\u0105dzanie domenami - CERTUM \u00bb Wsparcie techniczne","isPartOf":{"@id":"https:\/\/pomoc.certum.pl\/pl\/#website"},"datePublished":"2024-06-19T18:54:28+00:00","dateModified":"2024-06-19T19:17:11+00:00","breadcrumb":{"@id":"https:\/\/pomoc.certum.pl\/pl\/zarzadzanie-domenami\/#breadcrumb"},"inLanguage":"en-US","potentialAction":[{"@type":"ReadAction","target":["https:\/\/pomoc.certum.pl\/pl\/zarzadzanie-domenami\/"]}]},{"@type":"BreadcrumbList","@id":"https:\/\/pomoc.certum.pl\/pl\/zarzadzanie-domenami\/#breadcrumb","itemListElement":[{"@type":"ListItem","position":1,"name":"Home","item":"https:\/\/pomoc.certum.pl\/pl\/"},{"@type":"ListItem","position":2,"name":"Zarz\u0105dzanie domenami"}]},{"@type":"WebSite","@id":"https:\/\/pomoc.certum.pl\/pl\/#website","url":"https:\/\/pomoc.certum.pl\/pl\/","name":"CERTUM \u00bb Wsparcie techniczne","description":"Powszechne Centrum Certyfikacji. Podpis elektroniczny dla p\u0142atnik\u00f3w sk\u0142adek ZUS. Certyfikaty kwalifikowane, zaufane certyfikaty niekwalifikowane. Rozwi\u0105zania z zastosowaniem e-podpisu.","potentialAction":[{"@type":"SearchAction","target":{"@type":"EntryPoint","urlTemplate":"https:\/\/pomoc.certum.pl\/pl\/?s={search_term_string}"},"query-input":{"@type":"PropertyValueSpecification","valueRequired":true,"valueName":"search_term_string"}}],"inLanguage":"en-US"}]}},"_links":{"self":[{"href":"https:\/\/pomoc.certum.pl\/pl\/wp-json\/wp\/v2\/pages\/10650"}],"collection":[{"href":"https:\/\/pomoc.certum.pl\/pl\/wp-json\/wp\/v2\/pages"}],"about":[{"href":"https:\/\/pomoc.certum.pl\/pl\/wp-json\/wp\/v2\/types\/page"}],"author":[{"embeddable":true,"href":"https:\/\/pomoc.certum.pl\/pl\/wp-json\/wp\/v2\/users\/1"}],"replies":[{"embeddable":true,"href":"https:\/\/pomoc.certum.pl\/pl\/wp-json\/wp\/v2\/comments?post=10650"}],"version-history":[{"count":8,"href":"https:\/\/pomoc.certum.pl\/pl\/wp-json\/wp\/v2\/pages\/10650\/revisions"}],"predecessor-version":[{"id":10659,"href":"https:\/\/pomoc.certum.pl\/pl\/wp-json\/wp\/v2\/pages\/10650\/revisions\/10659"}],"wp:attachment":[{"href":"https:\/\/pomoc.certum.pl\/pl\/wp-json\/wp\/v2\/media?parent=10650"}],"curies":[{"name":"wp","href":"https:\/\/api.w.org\/{rel}","templated":true}]}}